{"id":151,"date":"2018-02-19T17:23:47","date_gmt":"2018-02-19T16:23:47","guid":{"rendered":"http:\/\/carlesromerovidal.com\/?page_id=151"},"modified":"2018-09-12T18:31:22","modified_gmt":"2018-09-12T16:31:22","slug":"bio","status":"publish","type":"page","link":"https:\/\/carlesromerovidal.com\/index.php\/bio\/","title":{"rendered":"BIO\/CONTACT"},"content":{"rendered":"<p>[et_pb_section bb_built=\u00a0\u00bb1&Prime; _builder_version=\u00a0\u00bb3.7&Prime; background_color=\u00a0\u00bb#f3f3f3&Prime; background_position=\u00a0\u00bbcenter_right\u00a0\u00bb custom_margin=\u00a0\u00bb0px|0px|0px|0px\u00a0\u00bb custom_padding=\u00a0\u00bb0px|0px|0px|0px\u00a0\u00bb][et_pb_row use_custom_width=\u00a0\u00bbon\u00a0\u00bb width_unit=\u00a0\u00bboff\u00a0\u00bb custom_width_percent=\u00a0\u00bb100%\u00a0\u00bb custom_padding=\u00a0\u00bb0px|0px|0px|0px\u00a0\u00bb custom_margin=\u00a0\u00bb0px|0px|0px|0px\u00a0\u00bb make_equal=\u00a0\u00bbon\u00a0\u00bb custom_padding_last_edited=\u00a0\u00bboff|desktop\u00a0\u00bb bg_img_1=\u00a0\u00bbhttp:\/\/carlesromerovidal.com\/wp-content\/uploads\/2018\/06\/carlesphotocool-gris.jpg\u00a0\u00bb padding_top_1=\u00a0\u00bb0px\u00a0\u00bb padding_top_2=\u00a0\u00bb0px\u00a0\u00bb padding_top_3=\u00a0\u00bb0px\u00a0\u00bb padding_right_1=\u00a0\u00bb0px\u00a0\u00bb padding_right_2=\u00a0\u00bb0px\u00a0\u00bb padding_right_3=\u00a0\u00bb0px\u00a0\u00bb padding_bottom_1=\u00a0\u00bb0px\u00a0\u00bb padding_bottom_2=\u00a0\u00bb0px\u00a0\u00bb padding_bottom_3=\u00a0\u00bb0px\u00a0\u00bb padding_left_1=\u00a0\u00bb0px\u00a0\u00bb padding_left_2=\u00a0\u00bb0px\u00a0\u00bb padding_left_3=\u00a0\u00bb15px\u00a0\u00bb padding_3_tablet=\u00a0\u00bb0px|0px|0px|0px\u00a0\u00bb padding_1_last_edited=\u00a0\u00bboff|desktop\u00a0\u00bb padding_2_last_edited=\u00a0\u00bbon|desktop\u00a0\u00bb padding_3_last_edited=\u00a0\u00bbon|desktop\u00a0\u00bb _builder_version=\u00a0\u00bb3.7&Prime; module_alignment=\u00a0\u00bbright\u00a0\u00bb custom_margin_last_edited=\u00a0\u00bboff|desktop\u00a0\u00bb][et_pb_column type=\u00a0\u00bb1_3&Prime;][et_pb_text _builder_version=\u00a0\u00bb3.14&Prime; text_font_size=\u00a0\u00bb11px\u00a0\u00bb text_font_size_tablet=\u00a0\u00bb9px\u00a0\u00bb text_font_size_phone=\u00a0\u00bb7px\u00a0\u00bb text_font_size_last_edited=\u00a0\u00bbon|phone\u00a0\u00bb custom_margin_last_edited=\u00a0\u00bbon|desktop\u00a0\u00bb custom_padding=\u00a0\u00bb410px||0px|40px\u00a0\u00bb custom_padding_tablet=\u00a0\u00bb703px|||\u00a0\u00bb custom_padding_phone=\u00a0\u00bb438px||100px|10px\u00a0\u00bb custom_padding_last_edited=\u00a0\u00bbon|desktop\u00a0\u00bb]<\/p>\n<p>&nbsp;<\/p>\n<p>&nbsp;<\/p>\n<p>&nbsp;<\/p>\n<h1 style=\"text-align: left;\">CONTACT<\/h1>\n<p style=\"text-align: left;\"><span style=\"font-size: small;\">CARLES ROMERO VIDAL<\/span><\/p>\n<p style=\"text-align: left;\"><span style=\"font-size: large;\"><a href=\"mailto:contact@carlesromerovidal.com\" target=\"_blank\" rel=\"noopener\">contact@carlesromerovidal.com<\/a><\/span><\/p>\n<p>[\/et_pb_text][\/et_pb_column][et_pb_column type=\u00a0\u00bb2_3&Prime;][et_pb_accordion open_toggle_text_color=\u00a0\u00bb#ffffff\u00a0\u00bb open_toggle_background_color=\u00a0\u00bb#6f6f6f\u00a0\u00bb closed_toggle_text_color=\u00a0\u00bb#ffffff\u00a0\u00bb closed_toggle_background_color=\u00a0\u00bb#999999&Prime; _builder_version=\u00a0\u00bb3.14&Prime; body_font=\u00a0\u00bbMuli||||||||\u00a0\u00bb body_text_align=\u00a0\u00bbjustify\u00a0\u00bb body_text_color=\u00a0\u00bb#ffffff\u00a0\u00bb body_font_size=\u00a0\u00bb13px\u00a0\u00bb body_line_height=\u00a0\u00bb1.5em\u00a0\u00bb body_text_shadow_style=\u00a0\u00bbpreset3&Prime; toggle_level=\u00a0\u00bbh1&Prime; toggle_font=\u00a0\u00bbMuli|200||on|||||\u00a0\u00bb toggle_text_align=\u00a0\u00bbright\u00a0\u00bb toggle_text_color=\u00a0\u00bb#f3f3f3&Prime; toggle_font_size=\u00a0\u00bb24px\u00a0\u00bb toggle_font_size_phone=\u00a0\u00bb18px\u00a0\u00bb toggle_font_size_last_edited=\u00a0\u00bbon|desktop\u00a0\u00bb toggle_letter_spacing=\u00a0\u00bb2px\u00a0\u00bb border_width_all=\u00a0\u00bb0px\u00a0\u00bb text_orientation=\u00a0\u00bbleft\u00a0\u00bb module_alignment=\u00a0\u00bbcenter\u00a0\u00bb custom_margin=\u00a0\u00bb|0px||\u00a0\u00bb custom_padding=\u00a0\u00bb|95px||\u00a0\u00bb custom_padding_tablet=\u00a0\u00bb60px|64px|20px|0px\u00a0\u00bb custom_padding_phone=\u00a0\u00bb|18px||\u00a0\u00bb custom_padding_last_edited=\u00a0\u00bbon|desktop\u00a0\u00bb][et_pb_accordion_item title=\u00a0\u00bbBIOGRAPHIE\u00a0\u00bb open=\u00a0\u00bbon\u00a0\u00bb open_toggle_text_color=\u00a0\u00bb#f3f3f3&Prime; open_toggle_background_color=\u00a0\u00bb#3f3f3f\u00a0\u00bb closed_toggle_text_color=\u00a0\u00bb#b5b5b5&Prime; closed_toggle_background_color=\u00a0\u00bb#3f3f3f\u00a0\u00bb icon_color=\u00a0\u00bb#f3f3f3&Prime; _builder_version=\u00a0\u00bb3.14&Prime; title_text_shadow_horizontal_length=\u00a0\u00bb0em\u00a0\u00bb title_text_shadow_vertical_length=\u00a0\u00bb0em\u00a0\u00bb title_text_shadow_blur_strength=\u00a0\u00bb0em\u00a0\u00bb body_text_shadow_horizontal_length=\u00a0\u00bb0em\u00a0\u00bb body_text_shadow_vertical_length=\u00a0\u00bb0em\u00a0\u00bb body_text_shadow_blur_strength=\u00a0\u00bb0em\u00a0\u00bb border_color_all=\u00a0\u00bb#c9c6c3&Prime; text_orientation=\u00a0\u00bbjustified\u00a0\u00bb custom_margin_tablet=\u00a0\u00bb|30px||\u00a0\u00bb custom_margin_phone=\u00a0\u00bb|30px||\u00a0\u00bb custom_padding=\u00a0\u00bb|50px||50px\u00a0\u00bb custom_padding_tablet=\u00a0\u00bb|40px||40px\u00a0\u00bb custom_padding_phone=\u00a0\u00bb|20px||\u00a0\u00bb custom_padding_last_edited=\u00a0\u00bbon|desktop\u00a0\u00bb use_background_color_gradient=\u00a0\u00bboff\u00a0\u00bb background_color_gradient_start=\u00a0\u00bb#2b87da\u00a0\u00bb background_color_gradient_end=\u00a0\u00bb#29c4a9&Prime; background_color_gradient_type=\u00a0\u00bblinear\u00a0\u00bb background_color_gradient_direction=\u00a0\u00bb180deg\u00a0\u00bb background_color_gradient_direction_radial=\u00a0\u00bbcenter\u00a0\u00bb background_color_gradient_start_position=\u00a0\u00bb0%\u00a0\u00bb background_color_gradient_end_position=\u00a0\u00bb100%\u00a0\u00bb background_color_gradient_overlays_image=\u00a0\u00bboff\u00a0\u00bb parallax=\u00a0\u00bboff\u00a0\u00bb parallax_method=\u00a0\u00bbon\u00a0\u00bb background_size=\u00a0\u00bbcover\u00a0\u00bb background_position=\u00a0\u00bbcenter\u00a0\u00bb background_repeat=\u00a0\u00bbno-repeat\u00a0\u00bb background_blend=\u00a0\u00bbnormal\u00a0\u00bb allow_player_pause=\u00a0\u00bboff\u00a0\u00bb background_video_pause_outside_viewport=\u00a0\u00bbon\u00a0\u00bb text_shadow_style=\u00a0\u00bbnone\u00a0\u00bb box_shadow_style=\u00a0\u00bbnone\u00a0\u00bb]<\/p>\n<p>&nbsp;<\/p>\n<p>N\u00e9 \u00e0 Igualada, petite ville \u00e0 cot\u00e9 de Barcelone, Carles a suivi sa formation d\u2019acteur au <em>\u00ab\u00a0Col.legi de Teatre de Barcelona<\/em>\u00a0\u00bb, puis au <em>Conservatoire National Sup\u00e9rieur d\u2019Art Dramatique<\/em> de Paris, ville o\u00f9 il vit depuis 1996.<\/p>\n<p>Il s\u2019est nourri ainsi du th\u00e9\u00e2tre classique, jouant de Moli\u00e8re \u00e0 Shakespeare, mais sa curiosit\u00e9 et son intuition l\u2019ont ensuite men\u00e9 vers d\u2019autres fa\u00e7ons de vivre la sc\u00e8ne. Les incursions dans les ateliers des<em> ma\u00eetres <\/em>tels que Romeo Castellucci, Anatoli Vassiliev et Edward Bond lui ont donn\u00e9 le go\u00fbt du risque et le d\u00e9sir d\u2019aller vers des projets sc\u00e9niques plus singuliers et exp\u00e9rimentaux.<\/p>\n<p>Il cr\u00e9e et joue en fran\u00e7ais le monologue <em>Le Frigo<\/em> de Copi, qu\u2019il traduira lui-m\u00eame en catalan et espagnol pour le jouer dans une tourn\u00e9e franco-espagnole.<\/p>\n<p>En tant qu\u2019artiste multidisciplinaire, il a particip\u00e9 \u00e0 des projets de dimension sociale comme <em>Les ma\u00eetres du monde<\/em>, spectacle pour com\u00e9diens et marionnettes librement inspir\u00e9 de l\u2019\u0153uvre de Jean Ziegler, porte-parole reconnu de l\u2019alter-mondialisation.<\/p>\n<p>Carles a choisi d\u2019explorer et d\u2019exp\u00e9rimenter la diversit\u00e9 des arts de la sc\u00e8ne, sa devise\u00a0:<br \/>\n\u00ab\u00a0Il <em>y a autant de fa\u00e7ons d\u2019\u00eatre acteur comme d\u2019\u00eatre autre chose\u00a0\u00bb.<\/em><\/p>\n<p>&nbsp;<\/p>\n<p>&nbsp;<\/p>\n<p>[\/et_pb_accordion_item][et_pb_accordion_item title=\u00a0\u00bbcurriculum vit\u00e6\u00a0\u00bb open=\u00a0\u00bboff\u00a0\u00bb open_toggle_text_color=\u00a0\u00bb#f3f3f3&Prime; open_toggle_background_color=\u00a0\u00bb#606060&Prime; closed_toggle_text_color=\u00a0\u00bb#b5b5b5&Prime; closed_toggle_background_color=\u00a0\u00bb#606060&Prime; icon_color=\u00a0\u00bb#f3f3f3&Prime; _builder_version=\u00a0\u00bb3.14&Prime; title_text_shadow_horizontal_length=\u00a0\u00bb0em\u00a0\u00bb title_text_shadow_vertical_length=\u00a0\u00bb0em\u00a0\u00bb title_text_shadow_blur_strength=\u00a0\u00bb0em\u00a0\u00bb body_text_shadow_horizontal_length=\u00a0\u00bb0em\u00a0\u00bb body_text_shadow_vertical_length=\u00a0\u00bb0em\u00a0\u00bb body_text_shadow_blur_strength=\u00a0\u00bb0em\u00a0\u00bb border_color_all=\u00a0\u00bb#c9c6c3&Prime; custom_margin=\u00a0\u00bb|0px||0px\u00a0\u00bb custom_margin_tablet=\u00a0\u00bb|30px||\u00a0\u00bb custom_margin_phone=\u00a0\u00bb|30px||\u00a0\u00bb custom_padding=\u00a0\u00bb|54px||37px\u00a0\u00bb custom_padding_tablet=\u00a0\u00bb|40px||40px\u00a0\u00bb custom_padding_phone=\u00a0\u00bb|20px||\u00a0\u00bb custom_padding_last_edited=\u00a0\u00bbon|desktop\u00a0\u00bb]<\/p>\n<p>&nbsp;<\/p>\n<p><a href=\"http:\/\/carlesromerovidal.com\/wp-content\/uploads\/2018\/09\/cv-carles.pdf\"><img loading=\"lazy\" decoding=\"async\" class=\"size-full wp-image-531 alignright\" src=\"http:\/\/carlesromerovidal.com\/wp-content\/uploads\/2018\/09\/cv-carles-telechargement.jpg\" alt=\"\" width=\"85\" height=\"120\" \/><\/a><\/p>\n<h3><\/h3>\n<h3><\/h3>\n<p>&nbsp;<\/p>\n<p>&nbsp;<\/p>\n<p>&nbsp;<\/p>\n<h3 class=\"p1\" style=\"text-align: left;\">FORMATION<\/h3>\n<p><strong>1997-98<\/strong> \u2022 CONSERVATOIRE NATIONAL SUPERIEUR D\u2019ART DRAMATIQUE (classe de Dominique Valadi\u00e9)<br \/>\n<strong>1996-97<\/strong> \u2022 DIPLOME D\u2019ETUDES THEATRALES SPECIALIS\u00c9ES \u2013 SORBONNE NOUVELLE \u2013 PARIS III<br \/>\n<strong>1992-95<\/strong>\u00a0\u2022 DIPLOME D\u2019ART DRAMATIQUE AU COL.LEGI DE TEATRE DE BARCELONA<\/p>\n<p><strong>2010<\/strong> \u2022 LABORATORI DI TEATRO. Dirig\u00e9 par <strong>ROMEO CASTELLUCCI<br \/>\n<\/strong><strong>2009 <\/strong> \u2022 JOUER TCHEKHOV. Dirig\u00e9 par <strong>ANATOLI VASSILIEV<br \/>\n<\/strong><strong>2003<\/strong> \u2022 JOUER L\u2019OBJET CACHE. Dirig\u00e9 par <strong>EDWARD BOND<br \/>\n<\/strong><strong>1998<\/strong> \u2022 APPROCHE D\u2019UN LANGUAGE VISUEL. Institut International de la Marionnette. Dirig\u00e9 par <strong>PHILIPPE GENTY<\/strong><\/p>\n<hr \/>\n<h3><\/h3>\n<h3 class=\"p1\" style=\"text-align: left;\">THEATRE<\/h3>\n<p class=\"p1\" style=\"text-align: left;\"><em>LES MAITRES DU MONDE<\/em> d\u2019apr\u00e8s l\u2019\u0153uvre de<strong> Jean Ziegler<\/strong>, mise en sc\u00e8ne <strong>Marie-Charlotte Biais<\/strong>.<br \/>\nSpectacle pour com\u00e9diens et marionnettes<br \/>\n<em>LILIOM<\/em> de <strong>Ferenc Molnar<\/strong>, mise en sc\u00e8ne de <strong>Vincent Poirier<\/strong><br \/>\n<em>JEANNE D\u2019ARC AU B\u00dbCHER<\/em>\u00a0Oratorio d\u2019<strong>Arthur Honegger<\/strong>, livret de <strong>Paul Claudel<\/strong>, direction musicale <strong>Marc Sustrot<\/strong>, avec <strong>Marion Cotillard<\/strong><br \/>\n<em>REI I SENYOR<\/em> de <strong>Josep Pous i Pag\u00e8s<\/strong>, mise en sc\u00e8ne <strong>Toni Casares<\/strong>, Teatre Nacional de Catalunya<br \/>\nA<em>TTORE, IL TUO NOME NON E ESATTO<\/em>, performance, mise en sc\u00e8ne <strong>Romeo Castellucci<\/strong>. Biennale Teatro di Venezia<br \/>\n<em>LA RONDE<\/em> d\u2019<strong>Arthur Schnitzler<\/strong>, mise en sc\u00e8ne A<strong>nnie Pican<\/strong><br \/>\n<em>DANS LA JUNGLE DES VILLES<\/em> de <strong>Bertolt Brecht<\/strong>, mise en sc\u00e8ne <strong>J\u00e9r\u00e9mie Fabre<\/strong><br \/>\n<em>METAMORPHOSES<\/em> d\u2019apr\u00e8s<strong> Ovide<\/strong>, mise en sc\u00e8ne <strong>J\u00e9r\u00e9mie Fabre<\/strong><br \/>\n<em>ROMEO ET JULIETTE<\/em> de <strong>William Shakespeare<\/strong>, mise en sc\u00e8ne <strong>Vincent Poirier<\/strong><br \/>\n<em>LE ROLAND, TRILOGIE<\/em> de et mise en sc\u00e8ne <strong>H\u00e9di Tillette de Clermont-Tonerre<\/strong><br \/>\n<em>LA MADONE DES POUBELLES<\/em> de et mise en sc\u00e8ne <strong>Jacques Lassalle<\/strong><br \/>\n<em>LA NEVERA<\/em>, monologue de <strong>Copi<\/strong>, mise en sc\u00e8ne <strong>Vincent Poirier. <\/strong>Jeu et traduction au catalan<br \/>\n<em>LE ROLAND 2<\/em> de et mise en sc\u00e8ne <strong>H\u00e9di Tillette<\/strong> de <strong>Clermont-Tonerre<\/strong><br \/>\n<em>LE FRIGO<\/em> monologue de<strong> Copi<\/strong>, mise en sc\u00e8ne <strong>Vincent Poirier<\/strong><br \/>\n<em>LOLA, RIEN D\u2019AUTRE<\/em> de et mise en sc\u00e8ne <strong>Jacques Lassalle<\/strong><br \/>\n<em>EXTERMINATION DU PEUPLE<\/em> de <strong>Werner Schwab<\/strong>, mise en sc\u00e8ne <strong>Marie-Charlotte Biais<\/strong>. Spectacle pour com\u00e9diens et marionnettes<br \/>\n<em>SUGAR<\/em> d\u2019<strong>Eric Sarner<\/strong>, mise en sc\u00e8ne <strong>Vincent Poirier<\/strong>. Assistant \u00e0 la mise en sc\u00e8ne<br \/>\n<em>TITUS ANDRONICUS<\/em> de <strong>Wiliam Shakespeare<\/strong>, mise en sc\u00e8ne <strong>Vincent Poirier<\/strong><br \/>\n<em>TROILUS ET CRESSIDA<\/em>, de <strong>Wiliam Shakespeare<\/strong>, mise en sc\u00e8ne <strong>Xavier Alberti<\/strong><br \/>\n<em>CARESSES<\/em> de <strong>Sergi Belbel<\/strong>, mise en sc\u00e8ne <strong>Pascale Daniel-Lacombe<\/strong><br \/>\n<em>LE PERTIT VERTIGE<\/em> de <strong>Robert Angebaud<\/strong>, mise en sc\u00e8ne <strong>Vincent Poirier<\/strong><br \/>\n<em>FRAGMENT D\u2019ALEX<\/em> d\u2019apr\u00e8s <strong>No\u00eblle Renaude<\/strong>, mise en sc\u00e8ne <strong>Philippe Calvario<\/strong><br \/>\n<em>CABARET LORCA<\/em>, po\u00e8mes de <strong>Federico Garcia Lorca<\/strong>. Jeu et mise en sc\u00e8ne <strong>Carles Romero Vidal<\/strong><br \/>\n<em>LES AFFAM\u00c9S<\/em> de <strong>Sam Shepard<\/strong>, mise en sc\u00e8ne <strong>No\u00eblle Casenave<\/strong><br \/>\n<em>HERNANI<\/em> de <strong>Victor Hugo<\/strong>, mise en sc\u00e8ne <strong>Vincent Poirier<\/strong><br \/>\n<em>LES PRECIEUSES RIDICULES<\/em> de <strong>Moli\u00e8re<\/strong>, mise en sc\u00e8ne <strong>Oscar Molina<\/strong><\/p>\n<hr \/>\n<h3 class=\"p1\" style=\"text-align: left;\">CINEMA<\/h3>\n<p class=\"p1\" style=\"text-align: left;\"><em>LA VIE LOINTAINE<\/em> moyen-m\u00e9trage de <strong>S\u00e9bastien Betbeder<\/strong><br \/>\n<em>EN PURE PERTE<\/em> moyen-m\u00e9trage de <strong>J\u00e9r\u00e9mie Scheidler<\/strong><br \/>\n<em>CE QUI NOUS LIE<\/em> court-m\u00e9trage de <strong>Franck Thoraval<\/strong><br \/>\n<em>NULLE PART O\u00d9 ALLER<\/em> court-m\u00e9trage de <strong>Franck Thoraval<\/strong><\/p>\n<hr \/>\n<h3 class=\"p1\" style=\"text-align: left;\">RADIO<\/h3>\n<p class=\"p1\" style=\"text-align: left;\"><strong>2018<\/strong> \u00a0\u2022\u00a0<em>AUTANT EN EMPORTE L\u2019HISTOIRE : FRIDA KAHLO ET L\u00c9ON TROTSKY<\/em>,<br \/>\nR\u00e9alis\u00e9 par<strong> Sophie Aude-Picon<\/strong>. France Inter<br \/>\n<strong>2017<\/strong> \u00a0\u2022\u00a0<em>L\u2019ATELIER FICTION : LAYLA, A PRESENT JE SUIS AU FOND DU MONDE<\/em>,<br \/>\nR\u00e9alis\u00e9 par <strong>Alexandre Plank<\/strong>, d\u2019apr\u00e8s le spectacle de <strong>J\u00e9r\u00e9mie Scheidler<\/strong>. France Culture<\/p>\n<p>[\/et_pb_accordion_item]<\/p>\n<p>[\/et_pb_accordion][\/et_pb_column][\/et_pb_row][\/et_pb_section]<\/p>\n","protected":false},"excerpt":{"rendered":"<p>&nbsp; &nbsp; &nbsp; CONTACT CARLES ROMERO VIDAL contact@carlesromerovidal.com &nbsp; N\u00e9 \u00e0 Igualada, petite ville \u00e0 cot\u00e9 de Barcelone, Carles a suivi sa formation d\u2019acteur au \u00ab\u00a0Col.legi de Teatre de Barcelona\u00a0\u00bb, puis au Conservatoire National Sup\u00e9rieur d\u2019Art Dramatique de Paris, ville o\u00f9 il vit depuis 1996. Il s\u2019est nourri ainsi du th\u00e9\u00e2tre classique, jouant de Moli\u00e8re [&hellip;]<\/p>\n","protected":false},"author":1,"featured_media":0,"parent":0,"menu_order":0,"comment_status":"closed","ping_status":"closed","template":"","meta":{"_et_pb_use_builder":"on","_et_pb_old_content":"","_et_gb_content_width":"","footnotes":""},"class_list":["post-151","page","type-page","status-publish","hentry"],"yoast_head":"<!-- This site is optimized with the Yoast SEO plugin v23.9 - https:\/\/yoast.com\/wordpress\/plugins\/seo\/ -->\n<title>BIO\/CONTACT - CARLES ROMERO VIDAL<\/title>\n<meta name=\"robots\" content=\"index, follow, max-snippet:-1, max-image-preview:large, max-video-preview:-1\" \/>\n<link rel=\"canonical\" href=\"https:\/\/carlesromerovidal.com\/index.php\/bio\/\" \/>\n<meta property=\"og:locale\" content=\"fr_FR\" \/>\n<meta property=\"og:type\" content=\"article\" \/>\n<meta property=\"og:title\" content=\"BIO\/CONTACT - CARLES ROMERO VIDAL\" \/>\n<meta property=\"og:description\" content=\"&nbsp; &nbsp; &nbsp; CONTACT CARLES ROMERO VIDAL contact@carlesromerovidal.com &nbsp; N\u00e9 \u00e0 Igualada, petite ville \u00e0 cot\u00e9 de Barcelone, Carles a suivi sa formation d\u2019acteur au \u00ab\u00a0Col.legi de Teatre de Barcelona\u00a0\u00bb, puis au Conservatoire National Sup\u00e9rieur d\u2019Art Dramatique de Paris, ville o\u00f9 il vit depuis 1996. Il s\u2019est nourri ainsi du th\u00e9\u00e2tre classique, jouant de Moli\u00e8re [&hellip;]\" \/>\n<meta property=\"og:url\" content=\"https:\/\/carlesromerovidal.com\/index.php\/bio\/\" \/>\n<meta property=\"og:site_name\" content=\"CARLES ROMERO VIDAL\" \/>\n<meta property=\"article:modified_time\" content=\"2018-09-12T16:31:22+00:00\" \/>\n<meta property=\"og:image\" content=\"http:\/\/carlesromerovidal.com\/wp-content\/uploads\/2018\/09\/cv-carles-telechargement.jpg\" \/>\n<meta name=\"twitter:card\" content=\"summary_large_image\" \/>\n<meta name=\"twitter:label1\" content=\"Dur\u00e9e de lecture estim\u00e9e\" \/>\n\t<meta name=\"twitter:data1\" content=\"7 minutes\" \/>\n<script type=\"application\/ld+json\" class=\"yoast-schema-graph\">{\"@context\":\"https:\/\/schema.org\",\"@graph\":[{\"@type\":\"WebPage\",\"@id\":\"https:\/\/carlesromerovidal.com\/index.php\/bio\/\",\"url\":\"https:\/\/carlesromerovidal.com\/index.php\/bio\/\",\"name\":\"BIO\/CONTACT - CARLES ROMERO VIDAL\",\"isPartOf\":{\"@id\":\"https:\/\/carlesromerovidal.com\/#website\"},\"primaryImageOfPage\":{\"@id\":\"https:\/\/carlesromerovidal.com\/index.php\/bio\/#primaryimage\"},\"image\":{\"@id\":\"https:\/\/carlesromerovidal.com\/index.php\/bio\/#primaryimage\"},\"thumbnailUrl\":\"http:\/\/carlesromerovidal.com\/wp-content\/uploads\/2018\/09\/cv-carles-telechargement.jpg\",\"datePublished\":\"2018-02-19T16:23:47+00:00\",\"dateModified\":\"2018-09-12T16:31:22+00:00\",\"breadcrumb\":{\"@id\":\"https:\/\/carlesromerovidal.com\/index.php\/bio\/#breadcrumb\"},\"inLanguage\":\"fr-FR\",\"potentialAction\":[{\"@type\":\"ReadAction\",\"target\":[\"https:\/\/carlesromerovidal.com\/index.php\/bio\/\"]}]},{\"@type\":\"ImageObject\",\"inLanguage\":\"fr-FR\",\"@id\":\"https:\/\/carlesromerovidal.com\/index.php\/bio\/#primaryimage\",\"url\":\"https:\/\/carlesromerovidal.com\/wp-content\/uploads\/2018\/09\/cv-carles-telechargement.jpg\",\"contentUrl\":\"https:\/\/carlesromerovidal.com\/wp-content\/uploads\/2018\/09\/cv-carles-telechargement.jpg\",\"width\":85,\"height\":120},{\"@type\":\"BreadcrumbList\",\"@id\":\"https:\/\/carlesromerovidal.com\/index.php\/bio\/#breadcrumb\",\"itemListElement\":[{\"@type\":\"ListItem\",\"position\":1,\"name\":\"Accueil\",\"item\":\"https:\/\/carlesromerovidal.com\/\"},{\"@type\":\"ListItem\",\"position\":2,\"name\":\"BIO\/CONTACT\"}]},{\"@type\":\"WebSite\",\"@id\":\"https:\/\/carlesromerovidal.com\/#website\",\"url\":\"https:\/\/carlesromerovidal.com\/\",\"name\":\"CARLES ROMERO VIDAL\",\"description\":\"COMEDIEN - ACTEUR\",\"potentialAction\":[{\"@type\":\"SearchAction\",\"target\":{\"@type\":\"EntryPoint\",\"urlTemplate\":\"https:\/\/carlesromerovidal.com\/?s={search_term_string}\"},\"query-input\":{\"@type\":\"PropertyValueSpecification\",\"valueRequired\":true,\"valueName\":\"search_term_string\"}}],\"inLanguage\":\"fr-FR\"}]}<\/script>\n<!-- \/ Yoast SEO plugin. -->","yoast_head_json":{"title":"BIO\/CONTACT - CARLES ROMERO VIDAL","robots":{"index":"index","follow":"follow","max-snippet":"max-snippet:-1","max-image-preview":"max-image-preview:large","max-video-preview":"max-video-preview:-1"},"canonical":"https:\/\/carlesromerovidal.com\/index.php\/bio\/","og_locale":"fr_FR","og_type":"article","og_title":"BIO\/CONTACT - CARLES ROMERO VIDAL","og_description":"&nbsp; &nbsp; &nbsp; CONTACT CARLES ROMERO VIDAL contact@carlesromerovidal.com &nbsp; N\u00e9 \u00e0 Igualada, petite ville \u00e0 cot\u00e9 de Barcelone, Carles a suivi sa formation d\u2019acteur au \u00ab\u00a0Col.legi de Teatre de Barcelona\u00a0\u00bb, puis au Conservatoire National Sup\u00e9rieur d\u2019Art Dramatique de Paris, ville o\u00f9 il vit depuis 1996. Il s\u2019est nourri ainsi du th\u00e9\u00e2tre classique, jouant de Moli\u00e8re [&hellip;]","og_url":"https:\/\/carlesromerovidal.com\/index.php\/bio\/","og_site_name":"CARLES ROMERO VIDAL","article_modified_time":"2018-09-12T16:31:22+00:00","og_image":[{"url":"http:\/\/carlesromerovidal.com\/wp-content\/uploads\/2018\/09\/cv-carles-telechargement.jpg"}],"twitter_card":"summary_large_image","twitter_misc":{"Dur\u00e9e de lecture estim\u00e9e":"7 minutes"},"schema":{"@context":"https:\/\/schema.org","@graph":[{"@type":"WebPage","@id":"https:\/\/carlesromerovidal.com\/index.php\/bio\/","url":"https:\/\/carlesromerovidal.com\/index.php\/bio\/","name":"BIO\/CONTACT - CARLES ROMERO VIDAL","isPartOf":{"@id":"https:\/\/carlesromerovidal.com\/#website"},"primaryImageOfPage":{"@id":"https:\/\/carlesromerovidal.com\/index.php\/bio\/#primaryimage"},"image":{"@id":"https:\/\/carlesromerovidal.com\/index.php\/bio\/#primaryimage"},"thumbnailUrl":"http:\/\/carlesromerovidal.com\/wp-content\/uploads\/2018\/09\/cv-carles-telechargement.jpg","datePublished":"2018-02-19T16:23:47+00:00","dateModified":"2018-09-12T16:31:22+00:00","breadcrumb":{"@id":"https:\/\/carlesromerovidal.com\/index.php\/bio\/#breadcrumb"},"inLanguage":"fr-FR","potentialAction":[{"@type":"ReadAction","target":["https:\/\/carlesromerovidal.com\/index.php\/bio\/"]}]},{"@type":"ImageObject","inLanguage":"fr-FR","@id":"https:\/\/carlesromerovidal.com\/index.php\/bio\/#primaryimage","url":"https:\/\/carlesromerovidal.com\/wp-content\/uploads\/2018\/09\/cv-carles-telechargement.jpg","contentUrl":"https:\/\/carlesromerovidal.com\/wp-content\/uploads\/2018\/09\/cv-carles-telechargement.jpg","width":85,"height":120},{"@type":"BreadcrumbList","@id":"https:\/\/carlesromerovidal.com\/index.php\/bio\/#breadcrumb","itemListElement":[{"@type":"ListItem","position":1,"name":"Accueil","item":"https:\/\/carlesromerovidal.com\/"},{"@type":"ListItem","position":2,"name":"BIO\/CONTACT"}]},{"@type":"WebSite","@id":"https:\/\/carlesromerovidal.com\/#website","url":"https:\/\/carlesromerovidal.com\/","name":"CARLES ROMERO VIDAL","description":"COMEDIEN - ACTEUR","potentialAction":[{"@type":"SearchAction","target":{"@type":"EntryPoint","urlTemplate":"https:\/\/carlesromerovidal.com\/?s={search_term_string}"},"query-input":{"@type":"PropertyValueSpecification","valueRequired":true,"valueName":"search_term_string"}}],"inLanguage":"fr-FR"}]}},"_links":{"self":[{"href":"https:\/\/carlesromerovidal.com\/index.php\/wp-json\/wp\/v2\/pages\/151","targetHints":{"allow":["GET"]}}],"collection":[{"href":"https:\/\/carlesromerovidal.com\/index.php\/wp-json\/wp\/v2\/pages"}],"about":[{"href":"https:\/\/carlesromerovidal.com\/index.php\/wp-json\/wp\/v2\/types\/page"}],"author":[{"embeddable":true,"href":"https:\/\/carlesromerovidal.com\/index.php\/wp-json\/wp\/v2\/users\/1"}],"replies":[{"embeddable":true,"href":"https:\/\/carlesromerovidal.com\/index.php\/wp-json\/wp\/v2\/comments?post=151"}],"version-history":[{"count":46,"href":"https:\/\/carlesromerovidal.com\/index.php\/wp-json\/wp\/v2\/pages\/151\/revisions"}],"predecessor-version":[{"id":637,"href":"https:\/\/carlesromerovidal.com\/index.php\/wp-json\/wp\/v2\/pages\/151\/revisions\/637"}],"wp:attachment":[{"href":"https:\/\/carlesromerovidal.com\/index.php\/wp-json\/wp\/v2\/media?parent=151"}],"curies":[{"name":"wp","href":"https:\/\/api.w.org\/{rel}","templated":true}]}}